{"id":126,"date":"2017-03-09T19:25:17","date_gmt":"2017-03-09T19:25:17","guid":{"rendered":"http:\/\/solendeg.com\/web2\/?page_id=126"},"modified":"2018-10-23T13:10:27","modified_gmt":"2018-10-23T13:10:27","slug":"sobre-nosotros","status":"publish","type":"page","link":"https:\/\/solendeg.com\/en\/sobre-nosotros\/","title":{"rendered":"About Us"},"content":{"rendered":"<img loading=\"lazy\" decoding=\"async\" src=\"https:\/\/solendeg.com\/wp-content\/uploads\/2017\/03\/banner-about-us.jpg\" alt=\"\" width=\"1170\" height=\"288\" class=\"aligncenter size-full wp-image-161\" srcset=\"https:\/\/solendeg.com\/wp-content\/uploads\/2017\/03\/banner-about-us.jpg 1170w, https:\/\/solendeg.com\/wp-content\/uploads\/2017\/03\/banner-about-us-300x74.jpg 300w, https:\/\/solendeg.com\/wp-content\/uploads\/2017\/03\/banner-about-us-768x189.jpg 768w, https:\/\/solendeg.com\/wp-content\/uploads\/2017\/03\/banner-about-us-1024x252.jpg 1024w\" sizes=\"auto, (max-width: 1170px) 100vw, 1170px\" \/><\/p>\n<p>The distinguished jurist Galileo Solis founded the law firm of Solis, Endara, Delgado &amp; Guevara more than five decades ago. Mr. Solis established the professional, ethical and social principles for which our law firm stands out to this day.<\/p>\n<p>Through the outstanding contributions of our founder and mentor, Galileo Solis, as well as our partners, Solis, Endara, Delgado &amp; Guevara has achieved a position of distinction in the legal, academic, political, and professional realms.<\/p>\n<p>This firm had the honor of having the expertise and judgment of ex President Guillermo Endara. Is also important the professional contribution of Hern\u00e1n Delgado, who served two terms as President of the National Bar Association and founded several professional organizations including the Movement of Professional Lawyers (MAG), National College of Journalists, and the Panamanian Federation of Professional Associations (FEDAP). Our former colleague, C\u00e9sar Guevara, also earned great respect in the legal and professional fields. He served two terms as President of the National Bar Association and one term as President of the Movement of Professional Lawyers.<\/p>\n<p style=\"text-align: justify;\">SOLIS, ENDARA, DELGADO &amp; GUEVARA is a firm of tradition and prestige, striving to build upon the moral, ethical, and professional principles Galileo Sol\u00eds set out at our founding.<\/p>\n<p>Our lawyers are experts in Administrative, Banking, Commercial, Corporate, Criminal, Family, Labor, Maritime, Procedural, and Tax Law, and represent numerous domestic and international companies. Under the direction of experienced jurists, a new generation of associates aims to carry forward and strengthen our reputation for vitality and excellence.<\/p>\n<p style=\"text-align: justify;\">Under the guidance and advice of prominent and experienced lawyers, our firm has projected towards future generations, both from the professional guild transfusion, injecting renewed energy and vitality in our personal and professional. The firm currently has a team of professionals who joins the tradition and experience of the years, the vigor of a new generation of experienced lawyers, young and talented.<\/p>","protected":false},"excerpt":{"rendered":"<p>The distinguished jurist Galileo Solis founded the law firm of Solis, Endara, Delgado &amp; Guevara more than five decades ago. Mr. Solis established the professional, ethical and social principles for which our law firm stands out to this day. Through the outstanding contributions of our founder and mentor, Galileo Solis, as well as our partners, [&hellip;]<\/p>\n","protected":false},"author":1,"featured_media":0,"parent":0,"menu_order":0,"comment_status":"closed","ping_status":"closed","template":"","meta":{"footnotes":""},"class_list":["post-126","page","type-page","status-publish","hentry"],"yoast_head":"<!-- This site is optimized with the Yoast SEO plugin v27.2 - https:\/\/yoast.com\/product\/yoast-seo-wordpress\/ -->\n<title>Sobre Nosotros | Solendeg<\/title>\n<meta name=\"description\" content=\"La firma de abogados SOL\u00cdS, ENDARA, DELGADO y GUEVARA fue fundada por el insigne jurista, Dr. Galileo Sol\u00eds (Q.E.P.D.) hace m\u00e1s de cinco d\u00e9cadas. El Dr. Galileo Sol\u00eds sent\u00f3 en nuestra firma las bases de sus principios profesionales.\" \/>\n<meta name=\"robots\" content=\"index, follow, max-snippet:-1, max-image-preview:large, max-video-preview:-1\" \/>\n<link rel=\"canonical\" href=\"https:\/\/solendeg.com\/sobre-nosotros\/\" \/>\n<meta property=\"og:locale\" content=\"en_US\" \/>\n<meta property=\"og:type\" content=\"article\" \/>\n<meta property=\"og:title\" content=\"Sobre Nosotros | Solendeg\" \/>\n<meta property=\"og:description\" content=\"La firma de abogados SOL\u00cdS, ENDARA, DELGADO y GUEVARA fue fundada por el insigne jurista, Dr. Galileo Sol\u00eds (Q.E.P.D.) hace m\u00e1s de cinco d\u00e9cadas. El Dr. Galileo Sol\u00eds sent\u00f3 en nuestra firma las bases de sus principios profesionales.\" \/>\n<meta property=\"og:url\" content=\"https:\/\/solendeg.com\/sobre-nosotros\/\" \/>\n<meta property=\"og:site_name\" content=\"Solis, Endara, Delgado &amp; Guevara\" \/>\n<meta property=\"article:publisher\" content=\"https:\/\/www.facebook.com\/solendeg\" \/>\n<meta property=\"article:modified_time\" content=\"2018-10-23T13:10:27+00:00\" \/>\n<meta property=\"og:image\" content=\"https:\/\/solendeg.com\/wp-content\/uploads\/2017\/03\/banner-sobre-nosotros.jpg\" \/>\n<meta name=\"twitter:card\" content=\"summary_large_image\" \/>\n<meta name=\"twitter:site\" content=\"@solendeg\" \/>\n<meta name=\"twitter:label1\" content=\"Est. reading time\" \/>\n\t<meta name=\"twitter:data1\" content=\"4 minutes\" \/>\n<script type=\"application\/ld+json\" class=\"yoast-schema-graph\">{\"@context\":\"https:\/\/schema.org\",\"@graph\":[{\"@type\":\"WebPage\",\"@id\":\"https:\/\/solendeg.com\/sobre-nosotros\/\",\"url\":\"https:\/\/solendeg.com\/sobre-nosotros\/\",\"name\":\"Sobre Nosotros | Solendeg\",\"isPartOf\":{\"@id\":\"https:\/\/solendeg.com\/#website\"},\"primaryImageOfPage\":{\"@id\":\"https:\/\/solendeg.com\/sobre-nosotros\/#primaryimage\"},\"image\":{\"@id\":\"https:\/\/solendeg.com\/sobre-nosotros\/#primaryimage\"},\"thumbnailUrl\":\"https:\/\/solendeg.com\/wp-content\/uploads\/2017\/03\/banner-sobre-nosotros.jpg\",\"datePublished\":\"2017-03-09T19:25:17+00:00\",\"dateModified\":\"2018-10-23T13:10:27+00:00\",\"description\":\"La firma de abogados SOL\u00cdS, ENDARA, DELGADO y GUEVARA fue fundada por el insigne jurista, Dr. Galileo Sol\u00eds (Q.E.P.D.) hace m\u00e1s de cinco d\u00e9cadas. El Dr. Galileo Sol\u00eds sent\u00f3 en nuestra firma las bases de sus principios profesionales.\",\"breadcrumb\":{\"@id\":\"https:\/\/solendeg.com\/sobre-nosotros\/#breadcrumb\"},\"inLanguage\":\"en-US\",\"potentialAction\":[{\"@type\":\"ReadAction\",\"target\":[\"https:\/\/solendeg.com\/sobre-nosotros\/\"]}]},{\"@type\":\"ImageObject\",\"inLanguage\":\"en-US\",\"@id\":\"https:\/\/solendeg.com\/sobre-nosotros\/#primaryimage\",\"url\":\"https:\/\/solendeg.com\/wp-content\/uploads\/2017\/03\/banner-sobre-nosotros.jpg\",\"contentUrl\":\"https:\/\/solendeg.com\/wp-content\/uploads\/2017\/03\/banner-sobre-nosotros.jpg\"},{\"@type\":\"BreadcrumbList\",\"@id\":\"https:\/\/solendeg.com\/sobre-nosotros\/#breadcrumb\",\"itemListElement\":[{\"@type\":\"ListItem\",\"position\":1,\"name\":\"Portada\",\"item\":\"https:\/\/solendeg.com\/\"},{\"@type\":\"ListItem\",\"position\":2,\"name\":\"Sobre Nosotros\"}]},{\"@type\":\"WebSite\",\"@id\":\"https:\/\/solendeg.com\/#website\",\"url\":\"https:\/\/solendeg.com\/\",\"name\":\"Solis, Endara, Delgado & Guevara\",\"description\":\"\",\"publisher\":{\"@id\":\"https:\/\/solendeg.com\/#organization\"},\"potentialAction\":[{\"@type\":\"SearchAction\",\"target\":{\"@type\":\"EntryPoint\",\"urlTemplate\":\"https:\/\/solendeg.com\/?s={search_term_string}\"},\"query-input\":{\"@type\":\"PropertyValueSpecification\",\"valueRequired\":true,\"valueName\":\"search_term_string\"}}],\"inLanguage\":\"en-US\"},{\"@type\":\"Organization\",\"@id\":\"https:\/\/solendeg.com\/#organization\",\"name\":\"SOL\u00cdS, ENDARA, DELGADO Y GUEVARA\",\"url\":\"https:\/\/solendeg.com\/\",\"logo\":{\"@type\":\"ImageObject\",\"inLanguage\":\"en-US\",\"@id\":\"https:\/\/solendeg.com\/#\/schema\/logo\/image\/\",\"url\":\"https:\/\/solendeg.com\/wp-content\/uploads\/2018\/09\/solendeg.png\",\"contentUrl\":\"https:\/\/solendeg.com\/wp-content\/uploads\/2018\/09\/solendeg.png\",\"width\":432,\"height\":136,\"caption\":\"SOL\u00cdS, ENDARA, DELGADO Y GUEVARA\"},\"image\":{\"@id\":\"https:\/\/solendeg.com\/#\/schema\/logo\/image\/\"},\"sameAs\":[\"https:\/\/www.facebook.com\/solendeg\",\"https:\/\/x.com\/solendeg\"]}]}<\/script>\n<!-- \/ Yoast SEO plugin. -->","yoast_head_json":{"title":"Sobre Nosotros | Solendeg","description":"La firma de abogados SOL\u00cdS, ENDARA, DELGADO y GUEVARA fue fundada por el insigne jurista, Dr. Galileo Sol\u00eds (Q.E.P.D.) hace m\u00e1s de cinco d\u00e9cadas. El Dr. Galileo Sol\u00eds sent\u00f3 en nuestra firma las bases de sus principios profesionales.","robots":{"index":"index","follow":"follow","max-snippet":"max-snippet:-1","max-image-preview":"max-image-preview:large","max-video-preview":"max-video-preview:-1"},"canonical":"https:\/\/solendeg.com\/sobre-nosotros\/","og_locale":"en_US","og_type":"article","og_title":"Sobre Nosotros | Solendeg","og_description":"La firma de abogados SOL\u00cdS, ENDARA, DELGADO y GUEVARA fue fundada por el insigne jurista, Dr. Galileo Sol\u00eds (Q.E.P.D.) hace m\u00e1s de cinco d\u00e9cadas. El Dr. Galileo Sol\u00eds sent\u00f3 en nuestra firma las bases de sus principios profesionales.","og_url":"https:\/\/solendeg.com\/sobre-nosotros\/","og_site_name":"Solis, Endara, Delgado &amp; Guevara","article_publisher":"https:\/\/www.facebook.com\/solendeg","article_modified_time":"2018-10-23T13:10:27+00:00","og_image":[{"url":"https:\/\/solendeg.com\/wp-content\/uploads\/2017\/03\/banner-sobre-nosotros.jpg","type":"","width":"","height":""}],"twitter_card":"summary_large_image","twitter_site":"@solendeg","twitter_misc":{"Est. reading time":"4 minutes"},"schema":{"@context":"https:\/\/schema.org","@graph":[{"@type":"WebPage","@id":"https:\/\/solendeg.com\/sobre-nosotros\/","url":"https:\/\/solendeg.com\/sobre-nosotros\/","name":"Sobre Nosotros | Solendeg","isPartOf":{"@id":"https:\/\/solendeg.com\/#website"},"primaryImageOfPage":{"@id":"https:\/\/solendeg.com\/sobre-nosotros\/#primaryimage"},"image":{"@id":"https:\/\/solendeg.com\/sobre-nosotros\/#primaryimage"},"thumbnailUrl":"https:\/\/solendeg.com\/wp-content\/uploads\/2017\/03\/banner-sobre-nosotros.jpg","datePublished":"2017-03-09T19:25:17+00:00","dateModified":"2018-10-23T13:10:27+00:00","description":"La firma de abogados SOL\u00cdS, ENDARA, DELGADO y GUEVARA fue fundada por el insigne jurista, Dr. Galileo Sol\u00eds (Q.E.P.D.) hace m\u00e1s de cinco d\u00e9cadas. El Dr. Galileo Sol\u00eds sent\u00f3 en nuestra firma las bases de sus principios profesionales.","breadcrumb":{"@id":"https:\/\/solendeg.com\/sobre-nosotros\/#breadcrumb"},"inLanguage":"en-US","potentialAction":[{"@type":"ReadAction","target":["https:\/\/solendeg.com\/sobre-nosotros\/"]}]},{"@type":"ImageObject","inLanguage":"en-US","@id":"https:\/\/solendeg.com\/sobre-nosotros\/#primaryimage","url":"https:\/\/solendeg.com\/wp-content\/uploads\/2017\/03\/banner-sobre-nosotros.jpg","contentUrl":"https:\/\/solendeg.com\/wp-content\/uploads\/2017\/03\/banner-sobre-nosotros.jpg"},{"@type":"BreadcrumbList","@id":"https:\/\/solendeg.com\/sobre-nosotros\/#breadcrumb","itemListElement":[{"@type":"ListItem","position":1,"name":"Portada","item":"https:\/\/solendeg.com\/"},{"@type":"ListItem","position":2,"name":"Sobre Nosotros"}]},{"@type":"WebSite","@id":"https:\/\/solendeg.com\/#website","url":"https:\/\/solendeg.com\/","name":"Solis, Endara, Delgado & Guevara","description":"","publisher":{"@id":"https:\/\/solendeg.com\/#organization"},"potentialAction":[{"@type":"SearchAction","target":{"@type":"EntryPoint","urlTemplate":"https:\/\/solendeg.com\/?s={search_term_string}"},"query-input":{"@type":"PropertyValueSpecification","valueRequired":true,"valueName":"search_term_string"}}],"inLanguage":"en-US"},{"@type":"Organization","@id":"https:\/\/solendeg.com\/#organization","name":"SOL\u00cdS, ENDARA, DELGADO Y GUEVARA","url":"https:\/\/solendeg.com\/","logo":{"@type":"ImageObject","inLanguage":"en-US","@id":"https:\/\/solendeg.com\/#\/schema\/logo\/image\/","url":"https:\/\/solendeg.com\/wp-content\/uploads\/2018\/09\/solendeg.png","contentUrl":"https:\/\/solendeg.com\/wp-content\/uploads\/2018\/09\/solendeg.png","width":432,"height":136,"caption":"SOL\u00cdS, ENDARA, DELGADO Y GUEVARA"},"image":{"@id":"https:\/\/solendeg.com\/#\/schema\/logo\/image\/"},"sameAs":["https:\/\/www.facebook.com\/solendeg","https:\/\/x.com\/solendeg"]}]}},"_links":{"self":[{"href":"https:\/\/solendeg.com\/en\/wp-json\/wp\/v2\/pages\/126","targetHints":{"allow":["GET"]}}],"collection":[{"href":"https:\/\/solendeg.com\/en\/wp-json\/wp\/v2\/pages"}],"about":[{"href":"https:\/\/solendeg.com\/en\/wp-json\/wp\/v2\/types\/page"}],"author":[{"embeddable":true,"href":"https:\/\/solendeg.com\/en\/wp-json\/wp\/v2\/users\/1"}],"replies":[{"embeddable":true,"href":"https:\/\/solendeg.com\/en\/wp-json\/wp\/v2\/comments?post=126"}],"version-history":[{"count":0,"href":"https:\/\/solendeg.com\/en\/wp-json\/wp\/v2\/pages\/126\/revisions"}],"wp:attachment":[{"href":"https:\/\/solendeg.com\/en\/wp-json\/wp\/v2\/media?parent=126"}],"curies":[{"name":"wp","href":"https:\/\/api.w.org\/{rel}","templated":true}]}}