{"id":339,"date":"2018-09-30T15:22:02","date_gmt":"2018-09-30T15:22:02","guid":{"rendered":"https:\/\/solendeg.com\/?page_id=339"},"modified":"2019-12-01T01:35:52","modified_gmt":"2019-12-01T01:35:52","slug":"inicio","status":"publish","type":"page","link":"https:\/\/solendeg.com\/en\/","title":{"rendered":"Home"},"content":{"rendered":"<h1 class=\"txt-nombre\">Sol\u00eds, Endara, Delgado and Guevara<\/h1>\n<h2 class=\"txt-sub\">Legal Services and Legal Assistance<\/h2>\n<p><a class=\"btn-pdf\" href=\"https:\/\/solendeg.com\/wp-content\/uploads\/2019\/12\/SOLENDEG-Debida-Diligencia-Ampliada-en-form.pdf\" target=\"_Blank\" rel=\"noopener noreferrer\">Due Dillingence (PDF)<\/a>We are a law firm that offers different legal services and legal assistance with a long history and experience in the main areas of law. Our legal services are adapted to the needs of the client oriented to achieve the results marked by the client.<\/p>\n<p>The lawyers of this firm have been committed, since its foundation, with important national and international companies exercising the two fundamental branches of Public and Private Law such as: <strong>Corporate Law, Banking, Maritime, Commercial, Civil, Fiscal, Administrative, Labor, of Family, Public and Private International, Civil and Criminal Procedure.<\/strong><\/p>\n<div class=\"row servicios-legales\">\n<div class=\"col-md-3 col-sm-6\"><img decoding=\"async\" title=\"Legal Service Corporate Law\" src=\"https:\/\/solendeg.com\/wp-content\/uploads\/2017\/03\/derecho-corporativo.jpg\" alt=\"Legal Service Corporate Law\"><br \/>\n<a href=\"\/servicios\/derecho-corporativo-y-comercial\/\">Corporate Law<\/a><\/div>\n<div class=\"col-md-3 col-sm-6\"><img decoding=\"async\" title=\"Legal Service Administrative Law\" src=\"https:\/\/solendeg.com\/wp-content\/uploads\/2017\/03\/derecho-administrativo.jpg\" alt=\"Legal Service Administrative Law\"><br \/>\n<a href=\"\/servicios\/derecho-administrativo\/\">Administrative Law<\/a><\/div>\n<div class=\"col-md-3 col-sm-6\"><img decoding=\"async\" title=\"Legal Service Criminal Law\" src=\"https:\/\/solendeg.com\/wp-content\/uploads\/2017\/03\/derecho-penal.jpg\" alt=\"Legal Service Criminal Law\"><br \/>\n<a href=\"\/servicios\/derecho-penal\/\">Criminal Law<\/a><\/div>\n<div class=\"col-md-3 col-sm-6\"><img decoding=\"async\" title=\"Legal Service Civil Litigation\" src=\"https:\/\/solendeg.com\/wp-content\/uploads\/2017\/03\/litigios-civiles.jpg\" alt=\"Legal Service Civil Litigation\"><br \/>\n<a href=\"\/servicios\/litigios-civiles\/\">Civil Litigation<\/a><\/div>\n<\/div>\n<p><a class=\"ver\" href=\"\/servicios-legales-panama\/\">More legal services<\/a><br \/>","protected":false},"excerpt":{"rendered":"<p>Sol\u00eds, Endara, Delgado and Guevara Legal Services and Legal Assistance Due Dillingence (PDF)We are a law firm that offers different legal services and legal assistance with a long history and experience in the main areas of law. Our legal services are adapted to the needs of the client oriented to achieve the results marked by [&hellip;]<\/p>\n","protected":false},"author":1,"featured_media":0,"parent":0,"menu_order":0,"comment_status":"closed","ping_status":"closed","template":"index.php","meta":{"footnotes":""},"class_list":["post-339","page","type-page","status-publish","hentry"],"yoast_head":"<!-- This site is optimized with the Yoast SEO plugin v27.2 - https:\/\/yoast.com\/product\/yoast-seo-wordpress\/ -->\n<title>Abogados Panam\u00e1 | Servicios Legales Panam\u00e1 - Solendeg<\/title>\n<meta name=\"description\" content=\"Firma de abogados en Panam\u00e1 que ofrece servicios legales y asistencia legal en el Derecho Corporativo, Bancario, Mar\u00edtimo, Comercial, Civil, etc.\" \/>\n<meta name=\"robots\" content=\"index, follow, max-snippet:-1, max-image-preview:large, max-video-preview:-1\" \/>\n<link rel=\"canonical\" href=\"https:\/\/solendeg.com\/\" \/>\n<meta property=\"og:locale\" content=\"en_US\" \/>\n<meta property=\"og:type\" content=\"article\" \/>\n<meta property=\"og:title\" content=\"Abogados Panam\u00e1 | Servicios Legales Panam\u00e1 - Solendeg\" \/>\n<meta property=\"og:description\" content=\"Firma de abogados en Panam\u00e1 que ofrece servicios legales y asistencia legal en el Derecho Corporativo, Bancario, Mar\u00edtimo, Comercial, Civil, etc.\" \/>\n<meta property=\"og:url\" content=\"https:\/\/solendeg.com\/\" \/>\n<meta property=\"og:site_name\" content=\"Solis, Endara, Delgado &amp; Guevara\" \/>\n<meta property=\"article:publisher\" content=\"https:\/\/www.facebook.com\/solendeg\" \/>\n<meta property=\"article:modified_time\" content=\"2019-12-01T01:35:52+00:00\" \/>\n<meta property=\"og:image\" content=\"https:\/\/solendeg.com\/wp-content\/uploads\/2017\/03\/derecho-corporativo.jpg\" \/>\n<meta name=\"twitter:card\" content=\"summary_large_image\" \/>\n<meta name=\"twitter:site\" content=\"@solendeg\" \/>\n<meta name=\"twitter:label1\" content=\"Est. reading time\" \/>\n\t<meta name=\"twitter:data1\" content=\"1 minute\" \/>\n<script type=\"application\/ld+json\" class=\"yoast-schema-graph\">{\"@context\":\"https:\/\/schema.org\",\"@graph\":[{\"@type\":\"WebPage\",\"@id\":\"https:\/\/solendeg.com\/\",\"url\":\"https:\/\/solendeg.com\/\",\"name\":\"Abogados Panam\u00e1 | Servicios Legales Panam\u00e1 - Solendeg\",\"isPartOf\":{\"@id\":\"https:\/\/solendeg.com\/#website\"},\"primaryImageOfPage\":{\"@id\":\"https:\/\/solendeg.com\/#primaryimage\"},\"image\":{\"@id\":\"https:\/\/solendeg.com\/#primaryimage\"},\"thumbnailUrl\":\"https:\/\/solendeg.com\/wp-content\/uploads\/2017\/03\/derecho-corporativo.jpg\",\"datePublished\":\"2018-09-30T15:22:02+00:00\",\"dateModified\":\"2019-12-01T01:35:52+00:00\",\"description\":\"Firma de abogados en Panam\u00e1 que ofrece servicios legales y asistencia legal en el Derecho Corporativo, Bancario, Mar\u00edtimo, Comercial, Civil, etc.\",\"breadcrumb\":{\"@id\":\"https:\/\/solendeg.com\/#breadcrumb\"},\"inLanguage\":\"en-US\",\"potentialAction\":[{\"@type\":\"ReadAction\",\"target\":[\"https:\/\/solendeg.com\/\"]}]},{\"@type\":\"ImageObject\",\"inLanguage\":\"en-US\",\"@id\":\"https:\/\/solendeg.com\/#primaryimage\",\"url\":\"https:\/\/solendeg.com\/wp-content\/uploads\/2017\/03\/derecho-corporativo.jpg\",\"contentUrl\":\"https:\/\/solendeg.com\/wp-content\/uploads\/2017\/03\/derecho-corporativo.jpg\"},{\"@type\":\"BreadcrumbList\",\"@id\":\"https:\/\/solendeg.com\/#breadcrumb\",\"itemListElement\":[{\"@type\":\"ListItem\",\"position\":1,\"name\":\"Portada\",\"item\":\"https:\/\/solendeg.com\/\"},{\"@type\":\"ListItem\",\"position\":2,\"name\":\"Inicio\"}]},{\"@type\":\"WebSite\",\"@id\":\"https:\/\/solendeg.com\/#website\",\"url\":\"https:\/\/solendeg.com\/\",\"name\":\"Solis, Endara, Delgado & Guevara\",\"description\":\"\",\"publisher\":{\"@id\":\"https:\/\/solendeg.com\/#organization\"},\"potentialAction\":[{\"@type\":\"SearchAction\",\"target\":{\"@type\":\"EntryPoint\",\"urlTemplate\":\"https:\/\/solendeg.com\/?s={search_term_string}\"},\"query-input\":{\"@type\":\"PropertyValueSpecification\",\"valueRequired\":true,\"valueName\":\"search_term_string\"}}],\"inLanguage\":\"en-US\"},{\"@type\":\"Organization\",\"@id\":\"https:\/\/solendeg.com\/#organization\",\"name\":\"SOL\u00cdS, ENDARA, DELGADO Y GUEVARA\",\"url\":\"https:\/\/solendeg.com\/\",\"logo\":{\"@type\":\"ImageObject\",\"inLanguage\":\"en-US\",\"@id\":\"https:\/\/solendeg.com\/#\/schema\/logo\/image\/\",\"url\":\"https:\/\/solendeg.com\/wp-content\/uploads\/2018\/09\/solendeg.png\",\"contentUrl\":\"https:\/\/solendeg.com\/wp-content\/uploads\/2018\/09\/solendeg.png\",\"width\":432,\"height\":136,\"caption\":\"SOL\u00cdS, ENDARA, DELGADO Y GUEVARA\"},\"image\":{\"@id\":\"https:\/\/solendeg.com\/#\/schema\/logo\/image\/\"},\"sameAs\":[\"https:\/\/www.facebook.com\/solendeg\",\"https:\/\/x.com\/solendeg\"]}]}<\/script>\n<!-- \/ Yoast SEO plugin. -->","yoast_head_json":{"title":"Abogados Panam\u00e1 | Servicios Legales Panam\u00e1 - Solendeg","description":"Firma de abogados en Panam\u00e1 que ofrece servicios legales y asistencia legal en el Derecho Corporativo, Bancario, Mar\u00edtimo, Comercial, Civil, etc.","robots":{"index":"index","follow":"follow","max-snippet":"max-snippet:-1","max-image-preview":"max-image-preview:large","max-video-preview":"max-video-preview:-1"},"canonical":"https:\/\/solendeg.com\/","og_locale":"en_US","og_type":"article","og_title":"Abogados Panam\u00e1 | Servicios Legales Panam\u00e1 - Solendeg","og_description":"Firma de abogados en Panam\u00e1 que ofrece servicios legales y asistencia legal en el Derecho Corporativo, Bancario, Mar\u00edtimo, Comercial, Civil, etc.","og_url":"https:\/\/solendeg.com\/","og_site_name":"Solis, Endara, Delgado &amp; Guevara","article_publisher":"https:\/\/www.facebook.com\/solendeg","article_modified_time":"2019-12-01T01:35:52+00:00","og_image":[{"url":"https:\/\/solendeg.com\/wp-content\/uploads\/2017\/03\/derecho-corporativo.jpg","type":"","width":"","height":""}],"twitter_card":"summary_large_image","twitter_site":"@solendeg","twitter_misc":{"Est. reading time":"1 minute"},"schema":{"@context":"https:\/\/schema.org","@graph":[{"@type":"WebPage","@id":"https:\/\/solendeg.com\/","url":"https:\/\/solendeg.com\/","name":"Abogados Panam\u00e1 | Servicios Legales Panam\u00e1 - Solendeg","isPartOf":{"@id":"https:\/\/solendeg.com\/#website"},"primaryImageOfPage":{"@id":"https:\/\/solendeg.com\/#primaryimage"},"image":{"@id":"https:\/\/solendeg.com\/#primaryimage"},"thumbnailUrl":"https:\/\/solendeg.com\/wp-content\/uploads\/2017\/03\/derecho-corporativo.jpg","datePublished":"2018-09-30T15:22:02+00:00","dateModified":"2019-12-01T01:35:52+00:00","description":"Firma de abogados en Panam\u00e1 que ofrece servicios legales y asistencia legal en el Derecho Corporativo, Bancario, Mar\u00edtimo, Comercial, Civil, etc.","breadcrumb":{"@id":"https:\/\/solendeg.com\/#breadcrumb"},"inLanguage":"en-US","potentialAction":[{"@type":"ReadAction","target":["https:\/\/solendeg.com\/"]}]},{"@type":"ImageObject","inLanguage":"en-US","@id":"https:\/\/solendeg.com\/#primaryimage","url":"https:\/\/solendeg.com\/wp-content\/uploads\/2017\/03\/derecho-corporativo.jpg","contentUrl":"https:\/\/solendeg.com\/wp-content\/uploads\/2017\/03\/derecho-corporativo.jpg"},{"@type":"BreadcrumbList","@id":"https:\/\/solendeg.com\/#breadcrumb","itemListElement":[{"@type":"ListItem","position":1,"name":"Portada","item":"https:\/\/solendeg.com\/"},{"@type":"ListItem","position":2,"name":"Inicio"}]},{"@type":"WebSite","@id":"https:\/\/solendeg.com\/#website","url":"https:\/\/solendeg.com\/","name":"Solis, Endara, Delgado & Guevara","description":"","publisher":{"@id":"https:\/\/solendeg.com\/#organization"},"potentialAction":[{"@type":"SearchAction","target":{"@type":"EntryPoint","urlTemplate":"https:\/\/solendeg.com\/?s={search_term_string}"},"query-input":{"@type":"PropertyValueSpecification","valueRequired":true,"valueName":"search_term_string"}}],"inLanguage":"en-US"},{"@type":"Organization","@id":"https:\/\/solendeg.com\/#organization","name":"SOL\u00cdS, ENDARA, DELGADO Y GUEVARA","url":"https:\/\/solendeg.com\/","logo":{"@type":"ImageObject","inLanguage":"en-US","@id":"https:\/\/solendeg.com\/#\/schema\/logo\/image\/","url":"https:\/\/solendeg.com\/wp-content\/uploads\/2018\/09\/solendeg.png","contentUrl":"https:\/\/solendeg.com\/wp-content\/uploads\/2018\/09\/solendeg.png","width":432,"height":136,"caption":"SOL\u00cdS, ENDARA, DELGADO Y GUEVARA"},"image":{"@id":"https:\/\/solendeg.com\/#\/schema\/logo\/image\/"},"sameAs":["https:\/\/www.facebook.com\/solendeg","https:\/\/x.com\/solendeg"]}]}},"_links":{"self":[{"href":"https:\/\/solendeg.com\/en\/wp-json\/wp\/v2\/pages\/339","targetHints":{"allow":["GET"]}}],"collection":[{"href":"https:\/\/solendeg.com\/en\/wp-json\/wp\/v2\/pages"}],"about":[{"href":"https:\/\/solendeg.com\/en\/wp-json\/wp\/v2\/types\/page"}],"author":[{"embeddable":true,"href":"https:\/\/solendeg.com\/en\/wp-json\/wp\/v2\/users\/1"}],"replies":[{"embeddable":true,"href":"https:\/\/solendeg.com\/en\/wp-json\/wp\/v2\/comments?post=339"}],"version-history":[{"count":0,"href":"https:\/\/solendeg.com\/en\/wp-json\/wp\/v2\/pages\/339\/revisions"}],"wp:attachment":[{"href":"https:\/\/solendeg.com\/en\/wp-json\/wp\/v2\/media?parent=339"}],"curies":[{"name":"wp","href":"https:\/\/api.w.org\/{rel}","templated":true}]}}